{"id":25107,"date":"2026-04-16T14:56:27","date_gmt":"2026-04-16T12:56:27","guid":{"rendered":"https:\/\/focacciagroup.com\/privacy-policy\/"},"modified":"2026-04-17T16:48:33","modified_gmt":"2026-04-17T14:48:33","slug":"privacy-policy","status":"publish","type":"page","link":"https:\/\/focacciagroup.com\/fr\/privacy-policy\/","title":{"rendered":"Privacy Policy"},"content":{"rendered":"<p class=\"p2\">La presente informativa (\u201c<b>Privacy Policy<\/b>\u201d) \u00e8 resa ai sensi degli artt. 13 e 14 del Regolamento (UE) 2016\/679 (\u201c<b>GDPR<\/b>\u201d) al fine di informarti circa il trattamento dei tuoi dati personali (i \u201c<b>Dati Personali<\/b>\u201d), dettagliato come segue.<\/p>\n<p class=\"p3\"><b>1. Titolare del trattamento <\/b><b><\/b><\/p>\n<p class=\"p4\">Il trattamento dei Dati Personali finalizzato all\u2019erogazione del servizio di assistenza e consulenza che pu\u00f2 essere richiesta tramite il sito web <i>https:\/\/www.focacciagroup.com\/<\/i><span class=\"Apple-converted-space\">\u00a0 <\/span>(il \u201cSito\u201d), e\/o tramite canale telefonico \u00e8 reso dalla societ\u00e0 Focaccia Group S.r.l. Unipersonale,<span class=\"Apple-converted-space\">\u00a0 <\/span>C.F. e P. IVA 02422050399, con sede legale in s.s.16, km 172, 48015 &#8211; Cervia (RA), (di seguito \u201cFocaccia\u201d e\/o il \u201cTitolare\u201d) laddove concernente la produzione, la trasformazione e l\u2019allestimento di autoveicoli, ciclomotori, veicoli elettrici e in generale ogni mezzo di trasporto e relative parti.<\/p>\n<p class=\"p5\">Per qualsiasi informazione sul trattamento dei Dati Personali, nonch\u00e9 per l\u2019esercizio dei tuoi diritti, potrai rivolgerti, in qualsiasi momento, al Titolare del trattamento al presente indirizzo di posta elettronica: [privacy.clienti@focacciagroup.com].<\/p>\n<p class=\"p3\"><b>2. Tipologia di Dati Personali<\/b><b><\/b><\/p>\n<p class=\"p5\">I Dati Personali trattati nel contesto delle attivit\u00e0 di assistenza e\/o consulenza offerte dal Titolare sono: dati anagrafici e di contatto (nome, cognome, provincia e regione di residenza, numero di cellulare, indirizzo e-mail).<\/p>\n<p class=\"p5\">Nel caso di richiesta specifica di assistenza post-vendita, amministrazione o omologazione, potranno essere inoltre trattati dati relativi al veicolo acquistato quali: numero di targa e numero di telaio.<\/p>\n<p class=\"p5\">Si aggiunga che i sistemi informatici e le procedure software preposte al funzionamento del Sito acquisiscono, in maniera automatica, alcune informazioni, come il tuo indirizzo IP o altri parametri relativi al tuo sistema operativo. Si tratta di informazioni che, per loro natura, potrebbero, attraverso elaborazioni ed associazioni con altri dati, consentire la tua identificazione.<\/p>\n<p class=\"p3\"><b>3. Finalit\u00e0 e base giuridica del trattamento<\/b><b><\/b><\/p>\n<p class=\"p5\">I Dati Personali sono trattati:<\/p>\n<ol class=\"ol1\" style=\"list-style-type: lower-alpha;\">\n<li class=\"li5\">al fine di garantire la fruizione dei servizi di assistenza e\/o consulenza da te richiesti tramite il Sito &#8211; concordemente con i relativi \u201cTermini e Condizioni di utilizzo\u201d \u2013 e\/o contattando direttamente Focaccia per via telefonica e\/o tramite form di ricontatto, nonch\u00e9 al fine di rispondere, in modo puntuale e corretto, alle tue richieste di informazioni e di assistenza ai sensi dell\u2019art. 6(1) lett. b) del GDPR;<\/li>\n<li class=\"li5\">per adempiere agli obblighi di legge cui il Titolare \u00e8 soggetto, ad esempio in ambito contabile e fiscale, in conformit\u00e0 all\u2019art. 6(1), lett. c) del GDPR;<\/li>\n<\/ol>\n<p class=\"p5\">Esclusivamente previo tuo consenso specifico, libero e informato, ai sensi dell\u2019art. 6(1), lett. a) del GDPR, il Titolare potr\u00e0:<\/p>\n<ol class=\"ol1\" style=\"list-style-type: lower-alpha;\" start=\"3\">\n<li class=\"li5\">contattarti, tramite strumenti automatizzati (es. chiamate automatizzate e\/o con operatore, e-mail) e non automatizzati (es. telefono con operatore, posta cartacea) per aggiornarti sulle offerte di prodotti e servizi del Titolare;<\/li>\n<li class=\"li4\">comunicare i Dati Personali a terzi <i>partner<\/i> di Focaccia che intrattengono rapporti di collaborazione commerciale con il Titolare, quali, in particolare, case di costruzione automobilistiche e <i>dealer<\/i> esterni al circuito Focaccia.<\/li>\n<\/ol>\n<p class=\"p2\">Potremmo inoltre inviarti delle e-mail per promuovere beni e\/o servizi analoghi a quelli per cui hai richiesto il servizio di consulenza e\/o assistenza di Focaccia, senza il tuo consenso, ma fermo restando il tuo diritto di opporti in qualsiasi momento a tali comunicazioni.<\/p>\n<p class=\"p3\"><b>4. Natura del conferimento dei Dati Personali e conseguenze dell\u2019eventuale rifiuto<\/b><b><\/b><\/p>\n<p class=\"p5\">Il conferimento dei tuoi Dati Personali \u00e8 facoltativo. Tuttavia, alcuni Dati Personali sono necessari al fine di consentirci di erogare i servizi di assistenza e\/o consulenza da te richiesti tramite il Sito e\/o contattando Focaccia per via telefonica e\/o tramite form di ricontatto, nonch\u00e9 di rispondere alle tue richieste di informazioni e di assistenza ai sensi dell\u2019art. 6(1) lett. b) del GDPR e di adempiere agli obblighi di legge cui siamo soggetti. Il mancato rilascio di tali informazioni ti impedir\u00e0 di fruire dei servizi offerti da Focaccia.<\/p>\n<p class=\"p4\">Ove necessario per lo svolgimento dei trattamenti descritti nella Privacy Policy, il consenso richiesto \u00e8 libero. Il mancato conferimento di uno o pi\u00f9 consensi richiesti non ti impedir\u00e0 di fruire dei servizi e prodotti offerti da Focaccia.<\/p>\n<p class=\"p3\"><b>5. Modalit\u00e0 del trattamento<\/b><b><\/b><\/p>\n<p class=\"p5\">Il trattamento dei Dati Personali avverr\u00e0 tramite supporti e\/o strumenti informatici, manuali e\/o telematici secondo i principi di correttezza, liceit\u00e0 e trasparenza.<\/p>\n<p class=\"p5\">Il Titolare garantisce l\u2019adozione di misure tecniche e organizzative adeguate per assicurare idonei livelli di sicurezza ai sensi degli articoli 25 e 32 del GDPR, nonch\u00e9, in relazione alle specifiche finalit\u00e0 di trattamento individuate dalla normativa sulla protezione dei dati personali. Il trattamento \u00e8 svolto ad opera di soggetti interni all\u2019organizzazione di Focaccia appositamente autorizzati ed istruiti nel pieno rispetto dell\u2019art. 29 del GDPR e dell\u2019art. 2-quaterdecies del D. Lgs.196\/03. Il trattamento pu\u00f2 inoltre essere svolto da soggetti terzi, opportunamente nominati quali responsabili esterni del trattamento ai sensi dell\u2019art. 28 del GDPR.<\/p>\n<p class=\"p4\">In ogni caso sar\u00e0 garantita la sicurezza logica e fisica e la riservatezza delle informazioni trattate.<\/p>\n<p class=\"p3\"><b>6. Conservazione dei Dati Personali<\/b><b><\/b><\/p>\n<p class=\"p2\">I Dati Personali saranno conservati solo per il tempo strettamente necessario ai fini per cui sono raccolti, nel rispetto del principio di minimizzazione dei dati di cui all\u2019articolo 5(1), lett. c) del GDPR, nonch\u00e9 degli obblighi di legge cui \u00e8 tenuto il Titolare. Qualora tu decida di revocare il consenso prestato, i Dati Personali il cui trattamento si basa esclusivamente sul consenso revocato verranno tempestivamente cancellati o resi anonimi.<\/p>\n<p class=\"p3\"><b>7. Trasferimento dei Dati Personali<\/b><b><\/b><\/p>\n<p class=\"p5\">I tuoi Dati Personali saranno trattati all\u2019interno del territorio dell\u2019Unione Europea. Qualora, per questioni di natura tecnica e\/o organizzativa, i Dati Personali dovessero essere oggetto di trasferimento verso Paesi terzi ubicati al di fuori dell\u2019Unione Europea o organizzazioni internazionali, il Titolare garantisce l\u2019applicazione degli istituti di cui agli artt. 44 e ss. del GDPR. In particolare, tale trasferimento avverr\u00e0 verso Paesi che garantiscono un livello di protezione adeguato secondo la Commissione Europea o, in ogni caso, previa adozione di garanzie adeguate, quali la sottoscrizione di Clausole Standard approvate dalla Commissione Europea o la selezione di soggetti aderenti a programmi internazionali per la libera circolazione dei dati.<\/p>\n<p class=\"p5\">I Dati Personali non sono\/saranno, inoltre, oggetto di diffusione a soggetti indeterminati, in qualunque forma, fatta salva l\u2019ipotesi in cui la comunicazione o diffusione sia richiesta, in conformit\u00e0 alla legge, da forze di polizia, dall\u2019autorit\u00e0 giudiziaria, da organismi di informazione e sicurezza o da altri soggetti pubblici per finalit\u00e0 di difesa o di sicurezza dello Stato o di prevenzione accertamento o repressione di reati.<\/p>\n<p class=\"p2\">Per maggiori informazioni pu\u00f2 rivolgersi, per iscritto, al Titolare ai recapiti sopraindicati.<\/p>\n<p class=\"p3\"><b>8. Diritti dell\u2019Interessato<\/b><b><\/b><\/p>\n<p class=\"p5\">Potrai, in qualsiasi momento, esercitare i diritti di cui agli artt. da 15 a 22 del GDPR ed in particolare ottenere:<\/p>\n<ul class=\"ul1\">\n<li class=\"li5\">la conferma che sia o meno in corso un trattamento di dati personali che ti riguarda e di ottenere l\u2019accesso ai dati e alle seguenti informazioni: finalit\u00e0 di trattamento, categorie di dati personali, destinatari e\/o categorie di destinatari, periodo di conservazione;<\/li>\n<li class=\"li5\">la rettifica dei dati personali inesatti che ti riguardano e\/o l\u2019integrazione dei Dati personali incompleti, anche fornendo una dichiarazione integrativa;<\/li>\n<li class=\"li5\">la cancellazione dei dati personali, nei casi previsti dal GDPR;<\/li>\n<li class=\"li5\">la limitazione al trattamento nelle ipotesi previste dalla normativa privacy vigente;<\/li>\n<li class=\"li8\">la portabilit\u00e0 dei dati che ti riguardano ed in particolare di richiedere la trasmissione diretta dei tuoi dati a un altro Titolare del trattamento.<\/li>\n<\/ul>\n<p class=\"p5\">Inoltre, hai il diritto di revocare, in qualsiasi momento, il consenso eventualmente prestato, senza pregiudicare la liceit\u00e0 del trattamento basato sul consenso prima della revoca, nonch\u00e9 il diritto di opporti, in qualsiasi momento, al trattamento dei Dati Personali, ai sensi dell\u2019art. 21 del GDPR.<\/p>\n<p class=\"p8\">Se ritieni che il trattamento dei Dati Personali avvenga in violazione di quanto previsto dal Regolamento hai il diritto di proporre reclamo al Garante per la Protezione dei Dati Personali come previsto dall\u2019art. 77 del GDPR stesso, o di adire le opportune sedi giudiziarie.<\/p>\n<p class=\"p5\">Le richieste di esercizio dei Tuoi diritti vanno esercitate mediante i recapiti di cui al paragrafo n. 1 della presente Privacy Policy.<\/p>\n","protected":false},"excerpt":{"rendered":"<p>La presente informativa (\u201cPrivacy Policy\u201d) \u00e8 resa ai sensi degli artt. 13 e 14 del Regolamento (UE) 2016\/679 (\u201cGDPR\u201d) al fine di informarti circa il trattamento dei tuoi dati personali (i \u201cDati Personali\u201d), dettagliato come segue. 1. Titolare del trattamento Il trattamento dei Dati Personali finalizzato all\u2019erogazione del servizio di assistenza e consulenza che pu\u00f2 [&hellip;]<\/p>\n","protected":false},"author":1,"featured_media":0,"parent":0,"menu_order":0,"comment_status":"closed","ping_status":"closed","template":"","meta":{"_acf_changed":false,"inline_featured_image":false,"footnotes":""},"class_list":["post-25107","page","type-page","status-publish","hentry"],"acf":[],"_links":{"self":[{"href":"https:\/\/focacciagroup.com\/fr\/wp-json\/wp\/v2\/pages\/25107","targetHints":{"allow":["GET"]}}],"collection":[{"href":"https:\/\/focacciagroup.com\/fr\/wp-json\/wp\/v2\/pages"}],"about":[{"href":"https:\/\/focacciagroup.com\/fr\/wp-json\/wp\/v2\/types\/page"}],"author":[{"embeddable":true,"href":"https:\/\/focacciagroup.com\/fr\/wp-json\/wp\/v2\/users\/1"}],"replies":[{"embeddable":true,"href":"https:\/\/focacciagroup.com\/fr\/wp-json\/wp\/v2\/comments?post=25107"}],"version-history":[{"count":1,"href":"https:\/\/focacciagroup.com\/fr\/wp-json\/wp\/v2\/pages\/25107\/revisions"}],"predecessor-version":[{"id":25184,"href":"https:\/\/focacciagroup.com\/fr\/wp-json\/wp\/v2\/pages\/25107\/revisions\/25184"}],"wp:attachment":[{"href":"https:\/\/focacciagroup.com\/fr\/wp-json\/wp\/v2\/media?parent=25107"}],"curies":[{"name":"wp","href":"https:\/\/api.w.org\/{rel}","templated":true}]}}